{"id":534,"date":"2024-01-18T14:06:38","date_gmt":"2024-01-18T14:06:38","guid":{"rendered":"http:\/\/lfteq.lt\/?page_id=534"},"modified":"2024-01-18T18:43:06","modified_gmt":"2024-01-18T18:43:06","slug":"elementor-page-534","status":"publish","type":"page","link":"https:\/\/lfteq.lt\/index.php\/elementor-page-534\/","title":{"rendered":"Kas yra tekbolas?"},"content":{"rendered":"\t\t<div data-elementor-type=\"wp-page\" data-elementor-id=\"534\" class=\"elementor elementor-534\" data-elementor-post-type=\"page\">\n\t\t\t\t<div class=\"elementor-element elementor-element-2f60214 e-con-full e-flex e-con e-parent\" data-id=\"2f60214\" data-element_type=\"container\" data-settings=\"{&quot;content_width&quot;:&quot;full&quot;}\" data-core-v316-plus=\"true\">\n\t\t\t\t<div class=\"elementor-element elementor-element-cd2f950 elementor-widget elementor-widget-image\" data-id=\"cd2f950\" data-element_type=\"widget\" data-widget_type=\"image.default\">\n\t\t\t\t<div class=\"elementor-widget-container\">\n\t\t\t<style>\/*! elementor - v3.19.0 - 28-02-2024 *\/\n.elementor-widget-image{text-align:center}.elementor-widget-image a{display:inline-block}.elementor-widget-image a img[src$=\".svg\"]{width:48px}.elementor-widget-image img{vertical-align:middle;display:inline-block}<\/style>\t\t\t\t\t\t\t\t\t\t<img fetchpriority=\"high\" decoding=\"async\" width=\"1920\" height=\"561\" src=\"https:\/\/lfteq.lt\/wp-content\/uploads\/2024\/01\/61084f8d40ad63d62fda0d2a_img-header-nat-fed.png\" class=\"attachment-full size-full wp-image-536\" alt=\"\" srcset=\"https:\/\/lfteq.lt\/wp-content\/uploads\/2024\/01\/61084f8d40ad63d62fda0d2a_img-header-nat-fed.png 1920w, https:\/\/lfteq.lt\/wp-content\/uploads\/2024\/01\/61084f8d40ad63d62fda0d2a_img-header-nat-fed-300x88.png 300w, https:\/\/lfteq.lt\/wp-content\/uploads\/2024\/01\/61084f8d40ad63d62fda0d2a_img-header-nat-fed-1024x299.png 1024w, https:\/\/lfteq.lt\/wp-content\/uploads\/2024\/01\/61084f8d40ad63d62fda0d2a_img-header-nat-fed-768x224.png 768w, https:\/\/lfteq.lt\/wp-content\/uploads\/2024\/01\/61084f8d40ad63d62fda0d2a_img-header-nat-fed-1536x449.png 1536w, https:\/\/lfteq.lt\/wp-content\/uploads\/2024\/01\/61084f8d40ad63d62fda0d2a_img-header-nat-fed-600x175.png 600w\" sizes=\"(max-width: 1920px) 100vw, 1920px\" \/>\t\t\t\t\t\t\t\t\t\t\t\t\t<\/div>\n\t\t\t\t<\/div>\n\t\t\t\t<\/div>\n\t\t<div class=\"elementor-element elementor-element-4fba96b e-flex e-con-boxed e-con e-parent\" data-id=\"4fba96b\" data-element_type=\"container\" data-settings=\"{&quot;content_width&quot;:&quot;boxed&quot;}\" data-core-v316-plus=\"true\">\n\t\t\t\t\t<div class=\"e-con-inner\">\n\t\t<div class=\"elementor-element elementor-element-292b072 e-con-full e-flex e-con e-child\" data-id=\"292b072\" data-element_type=\"container\" data-settings=\"{&quot;content_width&quot;:&quot;full&quot;,&quot;background_background&quot;:&quot;classic&quot;}\">\n\t\t<div class=\"elementor-element elementor-element-937fc3e e-con-full e-flex e-con e-child\" data-id=\"937fc3e\" data-element_type=\"container\" data-settings=\"{&quot;content_width&quot;:&quot;full&quot;}\">\n\t\t<div class=\"elementor-element elementor-element-74c6599 e-con-full e-flex e-con e-child\" data-id=\"74c6599\" data-element_type=\"container\" data-settings=\"{&quot;content_width&quot;:&quot;full&quot;,&quot;background_background&quot;:&quot;classic&quot;}\">\n\t\t\t\t<\/div>\n\t\t\t\t<\/div>\n\t\t\t\t<div class=\"elementor-element elementor-element-84cda9e elementor-widget elementor-widget-image-box\" data-id=\"84cda9e\" data-element_type=\"widget\" data-widget_type=\"image-box.default\">\n\t\t\t\t<div class=\"elementor-widget-container\">\n\t\t\t<style>\/*! elementor - v3.19.0 - 28-02-2024 *\/\n.elementor-widget-image-box .elementor-image-box-content{width:100%}@media (min-width:768px){.elementor-widget-image-box.elementor-position-left .elementor-image-box-wrapper,.elementor-widget-image-box.elementor-position-right .elementor-image-box-wrapper{display:flex}.elementor-widget-image-box.elementor-position-right .elementor-image-box-wrapper{text-align:right;flex-direction:row-reverse}.elementor-widget-image-box.elementor-position-left .elementor-image-box-wrapper{text-align:left;flex-direction:row}.elementor-widget-image-box.elementor-position-top .elementor-image-box-img{margin:auto}.elementor-widget-image-box.elementor-vertical-align-top .elementor-image-box-wrapper{align-items:flex-start}.elementor-widget-image-box.elementor-vertical-align-middle .elementor-image-box-wrapper{align-items:center}.elementor-widget-image-box.elementor-vertical-align-bottom .elementor-image-box-wrapper{align-items:flex-end}}@media (max-width:767px){.elementor-widget-image-box .elementor-image-box-img{margin-left:auto!important;margin-right:auto!important;margin-bottom:15px}}.elementor-widget-image-box .elementor-image-box-img{display:inline-block}.elementor-widget-image-box .elementor-image-box-title a{color:inherit}.elementor-widget-image-box .elementor-image-box-wrapper{text-align:center}.elementor-widget-image-box .elementor-image-box-description{margin:0}<\/style><div class=\"elementor-image-box-wrapper\"><div class=\"elementor-image-box-content\"><h1 class=\"elementor-image-box-title\"><span style=\"color: rgb(0, 0, 0); font-family: Arial, sans-serif; font-size: 30px; letter-spacing: -1.44px; text-align: right; text-transform: none; white-space-collapse: collapse;\">2012: Tekbolo atsiradimas<\/span><\/h1><\/div><\/div>\t\t<\/div>\n\t\t\t\t<\/div>\n\t\t\t\t<div class=\"elementor-element elementor-element-47655d4 elementor-widget elementor-widget-text-editor\" data-id=\"47655d4\" data-element_type=\"widget\" data-widget_type=\"text-editor.default\">\n\t\t\t\t<div class=\"elementor-widget-container\">\n\t\t\t<style>\/*! elementor - v3.19.0 - 28-02-2024 *\/\n.elementor-widget-text-editor.elementor-drop-cap-view-stacked .elementor-drop-cap{background-color:#69727d;color:#fff}.elementor-widget-text-editor.elementor-drop-cap-view-framed .elementor-drop-cap{color:#69727d;border:3px solid;background-color:transparent}.elementor-widget-text-editor:not(.elementor-drop-cap-view-default) .elementor-drop-cap{margin-top:8px}.elementor-widget-text-editor:not(.elementor-drop-cap-view-default) .elementor-drop-cap-letter{width:1em;height:1em}.elementor-widget-text-editor .elementor-drop-cap{float:left;text-align:center;line-height:1;font-size:50px}.elementor-widget-text-editor .elementor-drop-cap-letter{display:inline-block}<\/style>\t\t\t\t<p>Tekbolas buvo i\u0161rastas 2012 metais Vengrijoje, kai trys futbolo entuziastai nusprend\u0117 sukurti nauj\u0105 sporto \u0161ak\u0105: G\u00e1bor Bors\u00e1nyi, buv\u0119s profesionalus futbolininkas, v\u0117liau tap\u0119s \u0161io sporto pradininku. Gy\u00f6rgy Gatty\u00e1n, Vengrijos verslininkas, kuris investavo l\u0117\u0161\u0173 ir id\u0117j\u0173 tekbolo vystymui. Viktor Husz\u00e1r, programuotojas ir technologij\u0173 specialistas, prisid\u0117j\u0119s prie tekbolo technin\u0117s dalies tobulinimo. \u0160io sporto prad\u017eia siejama su G\u00e1bor Bors\u00e1nyi, kuris, naudodamas stalo teniso elementus, adaptavo juos futbolo \u017eaidimui. \u0160i unikali kombinacija leido sukurti nauj\u0105 \u017eaidim\u0105, kuris jungia futbolo ir stalo teniso ypatybes. Tekbolas greitai i\u0161populiar\u0117jo tarp sportinink\u0173 ir m\u0117g\u0117j\u0173 d\u0117l savo novatori\u0161kumo, dinami\u0161kumo ir prieinamumo<\/p>\t\t\t\t\t\t<\/div>\n\t\t\t\t<\/div>\n\t\t<div class=\"elementor-element elementor-element-1b43e3c e-con-full e-flex e-con e-child\" data-id=\"1b43e3c\" data-element_type=\"container\" data-settings=\"{&quot;content_width&quot;:&quot;full&quot;}\">\n\t\t<div class=\"elementor-element elementor-element-c376558 e-con-full e-flex e-con e-child\" data-id=\"c376558\" data-element_type=\"container\" data-settings=\"{&quot;content_width&quot;:&quot;full&quot;,&quot;background_background&quot;:&quot;classic&quot;}\">\n\t\t\t\t<\/div>\n\t\t\t\t<\/div>\n\t\t\t\t<div class=\"elementor-element elementor-element-901dc88 elementor-widget elementor-widget-image-box\" data-id=\"901dc88\" data-element_type=\"widget\" data-widget_type=\"image-box.default\">\n\t\t\t\t<div class=\"elementor-widget-container\">\n\t\t\t<div class=\"elementor-image-box-wrapper\"><div class=\"elementor-image-box-content\"><h1 class=\"elementor-image-box-title\"><span style=\"color: rgb(0, 0, 0); font-family: Arial, sans-serif; font-size: 30px; letter-spacing: -1.44px; text-align: right; text-transform: none; white-space-collapse: collapse;\">2017: \u012ekurta tarptautin\u0117 tekbolo federacija <br>(FITEQ)<\/span><\/h1><\/div><\/div>\t\t<\/div>\n\t\t\t\t<\/div>\n\t\t\t\t<div class=\"elementor-element elementor-element-6ba0c39 elementor-widget elementor-widget-text-editor\" data-id=\"6ba0c39\" data-element_type=\"widget\" data-widget_type=\"text-editor.default\">\n\t\t\t\t<div class=\"elementor-widget-container\">\n\t\t\t\t\t\t\t<p>2017 m. kovo m\u0117nes\u012f buvo \u012fkurta &#8222;F\u00e9d\u00e9ration Internationale de Teqball&#8221; (FITEQ) \u2013 tai tarptautin\u0117 tekbolo organizacija, atsakinga u\u017e tekbolo ir para tekbolo sporto \u0161akos prie\u017ei\u016br\u0105 bei populiarinim\u0105. FITEQ siekia skatinti ir pl\u0117sti tekbolo \u017eaidim\u0105 visame pasaulyje, taip pat u\u017etikrinti sporto \u0161akos taisykli\u0173 laikym\u0105si ir jos vystym\u0105. Be to, \u0161i organizacija \u012fsipareigoja skatinti tekbolo prieinamum\u0105 ir \u012ftraukim\u0105, kad kuo daugiau \u017emoni\u0173 gal\u0117t\u0173 m\u0117gautis \u0161iuo nauju ir \u012fdomiu sportu. FITEQ taip pat aktyviai dirba su \u012fvairiomis sporto bendruomen\u0117mis ir organizacijomis, siekdama tekbolo integracijos \u012f tarptautinius sporto renginius.<\/p>\t\t\t\t\t\t<\/div>\n\t\t\t\t<\/div>\n\t\t<div class=\"elementor-element elementor-element-b9d58f4 e-con-full e-flex e-con e-child\" data-id=\"b9d58f4\" data-element_type=\"container\" data-settings=\"{&quot;content_width&quot;:&quot;full&quot;}\">\n\t\t<div class=\"elementor-element elementor-element-e893527 e-con-full e-flex e-con e-child\" data-id=\"e893527\" data-element_type=\"container\" data-settings=\"{&quot;content_width&quot;:&quot;full&quot;,&quot;background_background&quot;:&quot;classic&quot;}\">\n\t\t\t\t<\/div>\n\t\t\t\t<\/div>\n\t\t\t\t<div class=\"elementor-element elementor-element-77274c0 elementor-widget elementor-widget-image-box\" data-id=\"77274c0\" data-element_type=\"widget\" data-widget_type=\"image-box.default\">\n\t\t\t\t<div class=\"elementor-widget-container\">\n\t\t\t<div class=\"elementor-image-box-wrapper\"><div class=\"elementor-image-box-content\"><h1 class=\"elementor-image-box-title\"><div style=\"text-align: left;\"><span style=\"white-space-collapse: collapse; background-color: var( --e-global-color-43e86c6 ); color: rgb(0, 0, 0); font-family: Arial, sans-serif; letter-spacing: -1.44px; text-align: right; text-transform: none;\">2017: Pirmasis tekbolo pasaulio \u010dempionatas&nbsp;<\/span><font color=\"#000000\" face=\"Arial, sans-serif\" style=\"background-color: var( --e-global-color-43e86c6 );\"><span style=\"letter-spacing: -1.44px; text-transform: none; white-space-collapse: collapse;\">\ud83c\udf0d<\/span><\/font><span style=\"background-color: var( --e-global-color-43e86c6 ); letter-spacing: -1.44px; text-transform: none; white-space-collapse: collapse;\"><font color=\"#000000\" face=\"Arial, sans-serif\">\ud83e\udd19\ud83c\udffe<\/font><\/span><span style=\"color: var( --e-global-color-primary ); background-color: var( --e-global-color-43e86c6 );\"><\/span><\/div><\/h1><\/div><\/div>\t\t<\/div>\n\t\t\t\t<\/div>\n\t\t\t\t<div class=\"elementor-element elementor-element-a20bb20 elementor-widget elementor-widget-text-editor\" data-id=\"a20bb20\" data-element_type=\"widget\" data-widget_type=\"text-editor.default\">\n\t\t\t\t<div class=\"elementor-widget-container\">\n\t\t\t\t\t\t\t<p>Vengras \u00c1d\u00e1m Bl\u00e1zsovics i\u0161kovojo pirmojo pasaulio \u010dempiono titul\u0105 tekbolo vienet\u0173 var\u017eybose, triumfav\u0119s finale prie\u0161 savo tautiet\u012f M\u00e1t\u00e9 Szolga. \u0160is laim\u0117jimas ne tik parod\u0117 \u00c1d\u00e1m Bl\u00e1zsovics meistri\u0161kum\u0105 ir \u012fg\u016bd\u017eius tekbolo \u017eaidime, bet ir tapo svarbiu \u012fvykiu tekbolo sporto istorijoje. Jo pergal\u0117 finale prie\u0161 tautiet\u012f \u012frod\u0117 intensyv\u0173 ir auk\u0161to lygio \u017eaidim\u0105, kuris b\u016bdingas tekbolo var\u017eyboms. \u0160is laim\u0117jimas neabejotinai prisideda prie tekbolo sporto populiarinimo ir rodo, kad \u0161i sporto \u0161aka sulaukia vis didesnio susidom\u0117jimo ir konkurencijos tarptautiniu lygiu. \ud83c\udf89<\/p>\t\t\t\t\t\t<\/div>\n\t\t\t\t<\/div>\n\t\t<div class=\"elementor-element elementor-element-9938226 e-con-full e-flex e-con e-child\" data-id=\"9938226\" data-element_type=\"container\" data-settings=\"{&quot;content_width&quot;:&quot;full&quot;}\">\n\t\t<div class=\"elementor-element elementor-element-25eb0d7 e-con-full e-flex e-con e-child\" data-id=\"25eb0d7\" data-element_type=\"container\" data-settings=\"{&quot;content_width&quot;:&quot;full&quot;,&quot;background_background&quot;:&quot;classic&quot;}\">\n\t\t\t\t<\/div>\n\t\t\t\t<\/div>\n\t\t\t\t<div class=\"elementor-element elementor-element-3912091 elementor-widget elementor-widget-image-box\" data-id=\"3912091\" data-element_type=\"widget\" data-widget_type=\"image-box.default\">\n\t\t\t\t<div class=\"elementor-widget-container\">\n\t\t\t<div class=\"elementor-image-box-wrapper\"><div class=\"elementor-image-box-content\"><h1 class=\"elementor-image-box-title\"><div style=\"text-align: left;\"><span style=\"white-space-collapse: collapse; background-color: var( --e-global-color-43e86c6 ); color: rgb(0, 0, 0); font-family: Arial, sans-serif; letter-spacing: -1.44px; text-align: right; text-transform: none;\">2019: Futbolo legenda Ronaldinho prisijungia prie tekbolo&nbsp;<\/span><span style=\"background-color: var( --e-global-color-43e86c6 ); letter-spacing: -1.44px; text-transform: none; white-space-collapse: collapse;\"><font color=\"#000000\" face=\"Arial, sans-serif\">\ud83e\udd19\ud83c\udffe<\/font><\/span><span style=\"color: var( --e-global-color-primary ); background-color: var( --e-global-color-43e86c6 );\"><\/span><\/div><\/h1><\/div><\/div>\t\t<\/div>\n\t\t\t\t<\/div>\n\t\t\t\t<div class=\"elementor-element elementor-element-7d56130 elementor-widget elementor-widget-text-editor\" data-id=\"7d56130\" data-element_type=\"widget\" data-widget_type=\"text-editor.default\">\n\t\t\t\t<div class=\"elementor-widget-container\">\n\t\t\t\t\t\t\t<p>Ronaldinho, vienas i\u0161 \u017eymiausi\u0173 pasaulio futbolo \u017evaig\u017ed\u017ei\u0173, pasira\u0161\u0117 bendradarbiavimo sutart\u012f su tarptautine tekbolo federacija (FITEQ). \u0160is \u017eingsnis ne tik parodo Ronaldinho \u012fsipareigojim\u0105 ir susidom\u0117jim\u0105 \u0161iuo nauju sportu, bet ir \u017eymi svarb\u0173 moment\u0105 tekbolo sporto pl\u0117troje. Jo dalyvavimas tekbolo veikloje neabejotinai padidins \u0161io sporto populiarum\u0105 ir matomum\u0105 visame pasaulyje, pritraukiant naujus \u017eaid\u0117jus ir gerb\u0117jus<\/p><p><em>\u201cA\u0161 nekantrauju prad\u0117ti bendradarbiavimo su<strong class=\"bold-text-32\" data-w-id=\"f1bbd9f4-e189-03b2-50be-3d0154aeba91\" data-wf-id=\"[&quot;f1bbd9f4-e189-03b2-50be-3d0154aeba91&quot;]\"> Tekbolo<\/strong> sporto \u0161aka ir prisid\u0117ti prie \u0161ios sporto \u0161akos populiarinimo ir tikiuosi, kad \u0161i \u0161aka bus \u012ftraukta \u012f Olimpines \u017eaidynes, tuomet tur\u0117\u010diau \u0161ans\u0105 ta<\/em><em>pti Olimpiniu \u010dempion<\/em><em>u.\u201d<br \/><\/em><img decoding=\"async\" class=\"alignnone wp-image-609\" src=\"http:\/\/lfteq.lt\/wp-content\/uploads\/2024\/01\/610aa1e694a2e310da2cea8a_Ronaldinho-300x300.png\" alt=\"\" width=\"87\" height=\"87\" srcset=\"https:\/\/lfteq.lt\/wp-content\/uploads\/2024\/01\/610aa1e694a2e310da2cea8a_Ronaldinho-300x300.png 300w, https:\/\/lfteq.lt\/wp-content\/uploads\/2024\/01\/610aa1e694a2e310da2cea8a_Ronaldinho-150x150.png 150w, https:\/\/lfteq.lt\/wp-content\/uploads\/2024\/01\/610aa1e694a2e310da2cea8a_Ronaldinho-100x100.png 100w, https:\/\/lfteq.lt\/wp-content\/uploads\/2024\/01\/610aa1e694a2e310da2cea8a_Ronaldinho.png 459w\" sizes=\"(max-width: 87px) 100vw, 87px\" \/><\/p><p><strong><em>Buv\u0119s FC Barcelona \u017eai<\/em><em>d\u0117jas <\/em><\/strong><em><strong>Ronaldinho<\/strong>\u00a0<br \/><br \/><\/em><\/p>\t\t\t\t\t\t<\/div>\n\t\t\t\t<\/div>\n\t\t<div class=\"elementor-element elementor-element-b753a19 e-con-full e-flex e-con e-child\" data-id=\"b753a19\" data-element_type=\"container\" data-settings=\"{&quot;content_width&quot;:&quot;full&quot;}\">\n\t\t<div class=\"elementor-element elementor-element-bf2b3dd e-con-full e-flex e-con e-child\" data-id=\"bf2b3dd\" data-element_type=\"container\" data-settings=\"{&quot;content_width&quot;:&quot;full&quot;,&quot;background_background&quot;:&quot;classic&quot;}\">\n\t\t\t\t<\/div>\n\t\t\t\t<\/div>\n\t\t\t\t<div class=\"elementor-element elementor-element-5957536 elementor-widget elementor-widget-image-box\" data-id=\"5957536\" data-element_type=\"widget\" data-widget_type=\"image-box.default\">\n\t\t\t\t<div class=\"elementor-widget-container\">\n\t\t\t<div class=\"elementor-image-box-wrapper\"><div class=\"elementor-image-box-content\"><h1 class=\"elementor-image-box-title\"><div style=\"text-align: left;\"><span style=\"white-space-collapse: collapse; background-color: var( --e-global-color-43e86c6 ); color: rgb(0, 0, 0); font-family: Arial, sans-serif; letter-spacing: -1.44px; text-align: right; text-transform: none;\">2019: 2-asis Pasaulio tekbolo \u010dempionatas&nbsp;<\/span><span style=\"background-color: var( --e-global-color-43e86c6 ); letter-spacing: -1.44px; text-transform: none; white-space-collapse: collapse;\"><font color=\"#000000\" face=\"Arial, sans-serif\">\ud83e\udd19\ud83c\udffe<\/font><\/span><span style=\"color: var( --e-global-color-primary ); background-color: var( --e-global-color-43e86c6 );\"><\/span><\/div><\/h1><\/div><\/div>\t\t<\/div>\n\t\t\t\t<\/div>\n\t\t\t\t<div class=\"elementor-element elementor-element-812a123 elementor-widget elementor-widget-text-editor\" data-id=\"812a123\" data-element_type=\"widget\" data-widget_type=\"text-editor.default\">\n\t\t\t\t<div class=\"elementor-widget-container\">\n\t\t\t\t\t\t\t<p>Auksin\u012f medal\u012f mi\u0161ri\u0173j\u0173 komand\u0173 (mix) var\u017eybose i\u0161kovojo brazil\u0173 duetas Natalia Guitler ir Marcos Viera. J\u0173 pasiekimas tekbolo arenoje buvo pripa\u017eintas ir \u012fvertintas, o ypating\u0105 akimirk\u0105 papild\u0117 apdovanojim\u0173 ceremonija, kurioje tekbolo ambasadorius Ronaldinho \u012fteik\u0117 jiems auksinius medalius. \u0160is \u012fvykis ne tik pabr\u0117\u017eia Natalia Guitler ir Marcos Viera talent\u0105 ir \u012fg\u016bd\u017eius tekbolo \u017eaidime, bet ir simbolizuoja sporto \u0161akos tarptautin\u012f pripa\u017einim\u0105 bei augant\u012f populiarum\u0105. Ronaldinho, kaip ambasadorius, prisideda prie tekbolo sporto skatinimo ir visuomen\u0117s \u0161vietimo, o jo dalyvavimas apdovanojim\u0173 ceremonijoje dar labiau i\u0161ry\u0161kina sporto \u0161akos svarb\u0105 ir presti\u017e\u0105<br \/><br \/><br \/><\/p>\t\t\t\t\t\t<\/div>\n\t\t\t\t<\/div>\n\t\t\t\t<\/div>\n\t\t<div class=\"elementor-element elementor-element-9cda931 e-con-full e-flex e-con e-child\" data-id=\"9cda931\" data-element_type=\"container\" data-settings=\"{&quot;content_width&quot;:&quot;full&quot;}\">\n\t\t\t\t<div class=\"elementor-element elementor-element-ab8adb0 elementor-invisible elementor-widget elementor-widget-heading\" data-id=\"ab8adb0\" data-element_type=\"widget\" data-settings=\"{&quot;_animation&quot;:&quot;fadeIn&quot;,&quot;sticky&quot;:&quot;top&quot;,&quot;sticky_offset&quot;:100,&quot;sticky_parent&quot;:&quot;yes&quot;,&quot;sticky_on&quot;:[&quot;desktop&quot;],&quot;sticky_effects_offset&quot;:0}\" data-widget_type=\"heading.default\">\n\t\t\t\t<div class=\"elementor-widget-container\">\n\t\t\t<style>\/*! elementor - v3.19.0 - 28-02-2024 *\/\n.elementor-heading-title{padding:0;margin:0;line-height:1}.elementor-widget-heading .elementor-heading-title[class*=elementor-size-]>a{color:inherit;font-size:inherit;line-height:inherit}.elementor-widget-heading .elementor-heading-title.elementor-size-small{font-size:15px}.elementor-widget-heading .elementor-heading-title.elementor-size-medium{font-size:19px}.elementor-widget-heading .elementor-heading-title.elementor-size-large{font-size:29px}.elementor-widget-heading .elementor-heading-title.elementor-size-xl{font-size:39px}.elementor-widget-heading .elementor-heading-title.elementor-size-xxl{font-size:59px}<\/style><h2 class=\"elementor-heading-title elementor-size-default\">Tekbolo  pradmenys<\/h2>\t\t<\/div>\n\t\t\t\t<\/div>\n\t\t\t\t<\/div>\n\t\t\t\t\t<\/div>\n\t\t\t\t<\/div>\n\t\t\t\t<\/div>\n\t\t","protected":false},"excerpt":{"rendered":"<p>2012: Tekbolo atsiradimas Tekbolas buvo i\u0161rastas 2012 metais Vengrijoje, kai trys futbolo entuziastai nusprend\u0117 sukurti nauj\u0105 sporto \u0161ak\u0105: G\u00e1bor Bors\u00e1nyi, buv\u0119s profesionalus futbolininkas, v\u0117liau tap\u0119s \u0161io sporto pradininku. Gy\u00f6rgy Gatty\u00e1n, Vengrijos verslininkas, kuris investavo l\u0117\u0161\u0173 ir id\u0117j\u0173 tekbolo vystymui. Viktor Husz\u00e1r, programuotojas ir technologij\u0173 specialistas, prisid\u0117j\u0119s prie tekbolo technin\u0117s dalies tobulinimo. \u0160io sporto prad\u017eia siejama [&hellip;]<\/p>\n","protected":false},"author":1,"featured_media":0,"parent":0,"menu_order":0,"comment_status":"closed","ping_status":"closed","template":"","meta":{"om_disable_all_campaigns":false,"_monsterinsights_skip_tracking":false,"_monsterinsights_sitenote_active":false,"_monsterinsights_sitenote_note":"","_monsterinsights_sitenote_category":0,"footnotes":""},"_links":{"self":[{"href":"https:\/\/lfteq.lt\/index.php\/wp-json\/wp\/v2\/pages\/534"}],"collection":[{"href":"https:\/\/lfteq.lt\/index.php\/wp-json\/wp\/v2\/pages"}],"about":[{"href":"https:\/\/lfteq.lt\/index.php\/wp-json\/wp\/v2\/types\/page"}],"author":[{"embeddable":true,"href":"https:\/\/lfteq.lt\/index.php\/wp-json\/wp\/v2\/users\/1"}],"replies":[{"embeddable":true,"href":"https:\/\/lfteq.lt\/index.php\/wp-json\/wp\/v2\/comments?post=534"}],"version-history":[{"count":83,"href":"https:\/\/lfteq.lt\/index.php\/wp-json\/wp\/v2\/pages\/534\/revisions"}],"predecessor-version":[{"id":639,"href":"https:\/\/lfteq.lt\/index.php\/wp-json\/wp\/v2\/pages\/534\/revisions\/639"}],"wp:attachment":[{"href":"https:\/\/lfteq.lt\/index.php\/wp-json\/wp\/v2\/media?parent=534"}],"curies":[{"name":"wp","href":"https:\/\/api.w.org\/{rel}","templated":true}]}}